{"id":7,"date":"2014-08-18T15:46:46","date_gmt":"2014-08-18T15:46:46","guid":{"rendered":"http:\/\/www.cerca-aceiu.ca\/fr\/?page_id=7"},"modified":"2016-08-31T17:59:02","modified_gmt":"2016-08-31T17:59:02","slug":"bienvenue-a-laceiu","status":"publish","type":"page","link":"http:\/\/www.cerca-aceiu.ca\/fr\/","title":{"rendered":"Bienvenue \u00e0 l&#8217;ACEIU"},"content":{"rendered":"<h1>Bienvenue \u00e0 l&#8217;ACEIU<\/h1>\n<p style=\"text-align: justify;\"><strong>L&#8217;Alliance canadienne des entrepreneurs en interventions d\u2019urgence (ACEIU)<\/strong> est une association industrielle compos\u00e9e de partenaires issus de tous les domaines de l\u2019industrie canadienne des interventions d\u2019urgence qui impliquent des marchandises dangereuses.<\/p>\n<p style=\"text-align: justify;\">La mission de l\u2019ACEIU est de promouvoir l\u2019implantation d\u2019un r\u00e9seau solide d\u2019entrepreneurs sp\u00e9cialis\u00e9s dans les interventions d\u2019urgence impliquant des marchandises dangereuses au Canada.<\/p>\n<p style=\"text-align: justify;\">Le groupe de travail sp\u00e9cial \u00e9tait compos\u00e9 de membres provenant des organismes suivants : ACFPC, Transports Canada, les transporteurs ferroviaires ainsi que des entrepreneurs en interventions d\u2019urgence. D\u2019autres organismes ont ensuite joint les rangs du groupe de travail : l\u2019Institut canadien des engrais, l\u2019Association canadienne du camionnage et CANUTEC, en 1994; l\u2019Association of American Railroads (Bureau des explosifs), en 1995; l\u2019Association canadienne des distributeurs de produits chimiques et la Direction des urgences environnementales d\u2019Environnement Canada en 1996.<\/p>\n<p>&nbsp;<\/p>\n<p><strong>Notre mission<\/strong><br \/>\n&#8220;Fournir et promouvoir un r\u00e9seau solide d\u2019entrepreneurs sp\u00e9cialis\u00e9s dans les interventions d\u2019urgences environnementales au Canada.&#8221;<\/p>\n<p>&nbsp;<\/p>\n","protected":false},"excerpt":{"rendered":"<p>Bienvenue \u00e0 l&#8217;ACEIU L&#8217;Alliance canadienne des entrepreneurs en interventions d\u2019urgence (ACEIU) est une association industrielle compos\u00e9e de partenaires issus de tous les domaines de l\u2019industrie canadienne des interventions d\u2019urgence qui&#8230;<\/p>\n","protected":false},"author":1,"featured_media":0,"parent":0,"menu_order":0,"comment_status":"closed","ping_status":"closed","template":"","meta":{"footnotes":""},"class_list":["post-7","page","type-page","status-publish"],"_links":{"self":[{"href":"http:\/\/www.cerca-aceiu.ca\/fr\/wp-json\/wp\/v2\/pages\/7","targetHints":{"allow":["GET"]}}],"collection":[{"href":"http:\/\/www.cerca-aceiu.ca\/fr\/wp-json\/wp\/v2\/pages"}],"about":[{"href":"http:\/\/www.cerca-aceiu.ca\/fr\/wp-json\/wp\/v2\/types\/page"}],"author":[{"embeddable":true,"href":"http:\/\/www.cerca-aceiu.ca\/fr\/wp-json\/wp\/v2\/users\/1"}],"replies":[{"embeddable":true,"href":"http:\/\/www.cerca-aceiu.ca\/fr\/wp-json\/wp\/v2\/comments?post=7"}],"version-history":[{"count":10,"href":"http:\/\/www.cerca-aceiu.ca\/fr\/wp-json\/wp\/v2\/pages\/7\/revisions"}],"predecessor-version":[{"id":55,"href":"http:\/\/www.cerca-aceiu.ca\/fr\/wp-json\/wp\/v2\/pages\/7\/revisions\/55"}],"wp:attachment":[{"href":"http:\/\/www.cerca-aceiu.ca\/fr\/wp-json\/wp\/v2\/media?parent=7"}],"curies":[{"name":"wp","href":"https:\/\/api.w.org\/{rel}","templated":true}]}}